{"id":6083,"date":"2017-10-09T10:09:00","date_gmt":"2017-10-09T13:09:00","guid":{"rendered":"http:\/\/www.todovinos.cl\/wp2\/?page_id=6083"},"modified":"2017-10-25T22:28:47","modified_gmt":"2017-10-26T01:28:47","slug":"fiesta-del-vino-pais-2017","status":"publish","type":"page","link":"https:\/\/www.todovinos.cl\/wp2\/fiesta-del-vino-pais-2017\/","title":{"rendered":"FIESTA DEL VINO PAIS 2017"},"content":{"rendered":"<h3 style=\"text-align: justify;\"><a href=\"http:\/\/www.todovinos.cl\/wp2\/wp-content\/uploads\/2017\/10\/FiestaPais3all.jpg\"><img loading=\"lazy\" decoding=\"async\" class=\"alignright wp-image-6085\" src=\"http:\/\/www.todovinos.cl\/wp2\/wp-content\/uploads\/2017\/10\/FiestaPais3all-173x300.jpg\" alt=\"\" width=\"363\" height=\"629\" srcset=\"https:\/\/www.todovinos.cl\/wp2\/wp-content\/uploads\/2017\/10\/FiestaPais3all-173x300.jpg 173w, https:\/\/www.todovinos.cl\/wp2\/wp-content\/uploads\/2017\/10\/FiestaPais3all-768x1332.jpg 768w, https:\/\/www.todovinos.cl\/wp2\/wp-content\/uploads\/2017\/10\/FiestaPais3all-590x1024.jpg 590w, https:\/\/www.todovinos.cl\/wp2\/wp-content\/uploads\/2017\/10\/FiestaPais3all.jpg 1111w\" sizes=\"auto, (max-width: 363px) 100vw, 363px\" \/><\/a><br \/>\n<strong><span style=\"text-decoration: underline;\">CUANDO<\/span><\/strong>: VIERNES 27, SABADO 28 y DOMINGO 29 de OCTUBRE de 2017.<\/p>\n<p><span style=\"text-decoration: underline;\"><strong>DONDE<\/strong><\/span>: PLAZA P\u00daBLICA DE CAUQUENES.<\/p>\n<p><strong><span style=\"text-decoration: underline;\">HORARIO<\/span><\/strong>: 11 a 23 horas.<\/p>\n<p><strong><span style=\"text-decoration: underline;\">ENTRADA<\/span>:<\/strong> Gratuita<\/p>\n<p><span style=\"text-decoration: underline;\"><strong>VALOR COPA DEGUSTACION<\/strong><\/span>: 4.000 pesos<\/p>\n<p><em>Degustaciones y venta de vinos Pa\u00eds 100%, mezclas de Pa\u00eds y otras cepas, muestras de artesan\u00eda local, sabrosa y singular\u00a0gastronom\u00eda de la zona,\u00a0variadas presentaciones musicales, entre otras actividades.<\/em><\/p>\n<p><em>En los stands de gastronom\u00eda se podr\u00e1n saborear, entre otras preparaciones, Ostras de Cardonal preparadas al pilpil, a la parmesana y al lim\u00f3n; Quesos de Chanco; S\u00e1nguches de Pescado; Anticuchos, Empanadas y Tortillas; Ceviches de Callampas; Cordero al Tarro; Empanadas con productos de mar y huerta; Mote con Huesillos; Chocolates, Frutillas de la zona, Miel y subproductos.<\/em><\/p>\n<p>Como en las ediciones anteriores, durante la Fiesta del Vino Pa\u00eds 2017 ser\u00e1 elegido el Mejor Vino Pa\u00eds en exhibici\u00f3n, tarea que ser\u00e1 realizada en cata a ciegas por un Jurado integrado por experimentados especialistas del mundo del vino.<\/p>\n<p>La Mesa de Cata a Ciegas la integrar\u00e1n <em>Macarena Lladser, Mariana Mart\u00ednez, Eduardo Moraga, Derek Mosman, Eduardo Brethauer, Alan Grudsky, Felipe Aldunate, Mauricio Garibaldi, Eugenio Lira, Alejandro Tumayan y H\u00e9ctor Riquelme<\/em>.<\/p>\n<p>&nbsp;<\/p>\n<p>(Al final de esta p\u00e1gina el Programa de Actividades paralelas al funcionamiento de los stands)<\/p>\n<p>&nbsp;<\/p>\n<p><em><strong>Expositores confirmados:<\/strong><\/em><\/p>\n<table width=\"612\">\n<tbody>\n<tr>\n<td width=\"36\"><strong>\u00a0<\/strong><\/td>\n<td width=\"151\"><strong>Nombre<\/strong><\/td>\n<td width=\"170\"><strong>Nombre de la Vi\u00f1a<\/strong><\/td>\n<td width=\"255\"><strong>Cepaje <\/strong><\/td>\n<\/tr>\n<tr>\n<td width=\"36\"><strong>1<\/strong><\/td>\n<td width=\"151\">Sebasti\u00e1n S\u00e1nchez<\/td>\n<td width=\"170\">Terco &#8211; Bodega Ci\u00e9naga<\/td>\n<td width=\"255\">Pa\u00eds<\/td>\n<\/tr>\n<tr>\n<td width=\"36\"><strong>2<\/strong><\/td>\n<td width=\"151\">Hugo C\u00e1rdenas<\/td>\n<td width=\"170\">Tihu<\/td>\n<td width=\"255\">Pa\u00eds<\/td>\n<\/tr>\n<tr>\n<td width=\"36\"><strong>3<\/strong><\/td>\n<td width=\"151\">Miguel Aravena<\/td>\n<td width=\"170\">Santa Elsa<\/td>\n<td width=\"255\">Moscatel de Alejandr\u00eda<\/td>\n<\/tr>\n<tr>\n<td width=\"36\"><strong>4<\/strong><\/td>\n<td width=\"151\">Sergio Amigo<\/td>\n<td width=\"170\">Cancha Alegre<\/td>\n<td width=\"255\">Pa\u00eds &#8211; Garnacha &#8211; Petit Sirah<\/td>\n<\/tr>\n<tr>\n<td width=\"36\"><strong>5<\/strong><\/td>\n<td width=\"151\">Juan Pablo Vergara<\/td>\n<td width=\"170\">Casa Vergara<\/td>\n<td width=\"255\">Cabernet Sauvignon &#8211; Carmenere<\/td>\n<\/tr>\n<tr>\n<td width=\"36\"><strong>6<\/strong><\/td>\n<td width=\"151\">Luis Villegas<\/td>\n<td width=\"170\">Huinganes<\/td>\n<td width=\"255\">Pa\u00eds &#8211; Torontel &#8211; Cinsault<\/td>\n<\/tr>\n<tr>\n<td width=\"36\"><strong>7<\/strong><\/td>\n<td width=\"151\">Diego Morales<\/td>\n<td width=\"170\">Bisogno Wines<\/td>\n<td width=\"255\">Pa\u00eds &#8211; Carignan &#8211; Semillon &#8211; Pinot gris<\/td>\n<\/tr>\n<tr>\n<td width=\"36\"><strong>8<\/strong><\/td>\n<td width=\"151\">Alexis Abarza<\/td>\n<td width=\"170\">Aurora del Peumo<\/td>\n<td width=\"255\">Carmenere &#8211; Chardonnay<\/td>\n<\/tr>\n<tr>\n<td width=\"36\"><strong>9<\/strong><\/td>\n<td width=\"151\">Patricio Agurto<\/td>\n<td width=\"170\">Cooperativa Covisanto<\/td>\n<td width=\"255\">Pa\u00eds<\/td>\n<\/tr>\n<tr>\n<td width=\"36\"><strong>10<\/strong><\/td>\n<td width=\"151\">V\u00edctor Ya\u00f1ez<\/td>\n<td width=\"170\">Pangalillo del Calvario<\/td>\n<td width=\"255\">Pa\u00eds &#8211; Torontel<\/td>\n<\/tr>\n<tr>\n<td width=\"36\"><strong>11<\/strong><\/td>\n<td width=\"151\">Vicente Loyola<\/td>\n<td width=\"170\">Loyolas<\/td>\n<td width=\"255\">Pa\u00eds &#8211; Cabernet Sauvignon<\/td>\n<\/tr>\n<tr>\n<td width=\"36\"><strong>12<\/strong><\/td>\n<td width=\"151\">Felipe Z\u00fa\u00f1iga<\/td>\n<td width=\"170\">San Clemente<\/td>\n<td width=\"255\">Pa\u00eds &#8211; Carignan<\/td>\n<\/tr>\n<tr>\n<td width=\"36\"><strong>13<\/strong><\/td>\n<td width=\"151\">Fernando Henr\u00edquez<\/td>\n<td width=\"170\">Las Monjes<\/td>\n<td width=\"255\">Pa\u00eds<\/td>\n<\/tr>\n<tr>\n<td width=\"36\"><strong>14<\/strong><\/td>\n<td width=\"151\">Miguel Bustos<\/td>\n<td width=\"170\">Rinc\u00f3n del Maule<\/td>\n<td width=\"255\">Pa\u00eds<\/td>\n<\/tr>\n<tr>\n<td width=\"36\"><strong>15<\/strong><\/td>\n<td width=\"151\">Jos\u00e9 Mu\u00f1oz Valdes<\/td>\n<td width=\"170\">On Jos\u00e9<\/td>\n<td width=\"255\">Cabernet Sauvignon<\/td>\n<\/tr>\n<tr>\n<td width=\"36\"><strong>16<\/strong><\/td>\n<td width=\"151\">Luis Parra<\/td>\n<td width=\"170\">Entreparras y Campo<\/td>\n<td width=\"255\">Pa\u00eds<\/td>\n<\/tr>\n<tr>\n<td width=\"36\"><strong>17<\/strong><\/td>\n<td width=\"151\">Jorge Acevedo<\/td>\n<td width=\"170\">Estrella del\u00a0 Maule<\/td>\n<td width=\"255\">Cabernet Sauvignon<\/td>\n<\/tr>\n<tr>\n<td width=\"36\"><strong>18<\/strong><\/td>\n<td width=\"151\">Oscar Arellano<\/td>\n<td width=\"170\">Vi\u00f1a Riberas del Purapel<\/td>\n<td width=\"255\">Pa\u00eds<\/td>\n<\/tr>\n<tr>\n<td width=\"36\"><strong>19<\/strong><\/td>\n<td width=\"151\">Elsa S\u00e1nchez<\/td>\n<td width=\"170\"><\/td>\n<td width=\"255\">Pa\u00eds<\/td>\n<\/tr>\n<tr>\n<td width=\"36\"><strong>20<\/strong><\/td>\n<td width=\"151\">Stefano Biscello<\/td>\n<td width=\"170\">Mart\u00ednez de Salinas<\/td>\n<td width=\"255\">\u00a0Ensamblaje tinto<\/td>\n<\/tr>\n<tr>\n<td width=\"36\"><strong>21<\/strong><\/td>\n<td width=\"151\">Javier Ugarte<\/td>\n<td width=\"170\">Cauken<\/td>\n<td width=\"255\">Pa\u00eds &#8211; Malbec<\/td>\n<\/tr>\n<tr>\n<td width=\"36\"><strong>22<\/strong><\/td>\n<td width=\"151\">Mario Daza<\/td>\n<td width=\"170\">Vi\u00f1a San Lorenzo<\/td>\n<td width=\"255\">Pa\u00eds<\/td>\n<\/tr>\n<tr>\n<td width=\"36\"><strong>23<\/strong><\/td>\n<td width=\"151\">Mauricio Vega<\/td>\n<td width=\"170\">Capellano<\/td>\n<td width=\"255\">Merlot &#8211; Cabernet &#8211; Carignan<\/td>\n<\/tr>\n<tr>\n<td width=\"36\"><strong>24<\/strong><\/td>\n<td width=\"151\">Marcos Opazo<\/td>\n<td width=\"170\">El Espino<\/td>\n<td width=\"255\">Pa\u00eds<\/td>\n<\/tr>\n<\/tbody>\n<\/table>\n<p>&nbsp;<\/p>\n<p>&nbsp;<\/p>\n<p><em><strong>Alojamiento en Cauquenes<\/strong>:<\/em><\/p>\n<table>\n<tbody>\n<tr>\n<td width=\"206\"><strong>Hostal Plaza<\/strong><\/td>\n<td width=\"255\">hostalpla@gmail.com<\/td>\n<td width=\"143\">73-2512888<\/td>\n<\/tr>\n<tr>\n<td width=\"206\"><strong>Hostal las Garzas<\/strong><\/td>\n<td width=\"255\">Hostallasgarzas.cauquenes@gmail.com<\/td>\n<td width=\"143\">73-2512221<\/td>\n<\/tr>\n<tr>\n<td width=\"206\"><strong>Caba\u00f1as La Estancia<\/strong><\/td>\n<td width=\"255\">www. eventoslaestancia.cl<\/td>\n<td width=\"143\">73-2512163<\/td>\n<\/tr>\n<tr>\n<td width=\"206\"><strong>Hotel Maule<\/strong><\/td>\n<td width=\"255\">www.hotelmaule.cl<\/td>\n<td width=\"143\">73-2512637<\/td>\n<\/tr>\n<tr>\n<td width=\"206\"><strong>Caba\u00f1as el Castillo<\/strong><\/td>\n<td width=\"255\">deliacastilloleal@hotmail.com<\/td>\n<td width=\"143\">73-2512361<\/td>\n<\/tr>\n<\/tbody>\n<\/table>\n<p>&nbsp;<\/p>\n<p><em><strong><br \/>\nAlojamiento en Pelluhue:<\/strong><\/em><\/p>\n<table>\n<tbody>\n<tr>\n<td width=\"215\"><strong>Hoster\u00eda C\u00e1mara de Comercio<\/strong><\/td>\n<td width=\"265\">cvaldes@camaradecomerciocauquenes.cl<\/td>\n<td width=\"124\">998252690<\/td>\n<\/tr>\n<tr>\n<td width=\"215\"><strong>Caba\u00f1as Ancalafquen<\/strong><\/td>\n<td width=\"265\">siemprepeters@gmail.com<\/td>\n<td width=\"124\">990909093<\/td>\n<\/tr>\n<tr>\n<td width=\"215\"><strong>Hotel Piedra Negra<\/strong><\/td>\n<td width=\"265\">Paula_osores72@hotmail.com<\/td>\n<td width=\"124\">73-2219410<\/td>\n<\/tr>\n<\/tbody>\n<\/table>\n<p>&nbsp;<\/p>\n<p><strong>Programa de Actividaes<\/strong><\/p>\n<p><strong>Viernes 27 de Octubre<\/strong><\/p>\n<p>Primer Bloque<br \/>\n12:00 &#8211; Bienvenida y muestra de cuecas ganadoras en distintos concursos regionales<\/p>\n<p>Segundo Bloque<br \/>\n16:00 &#8211; Concurso \u00abDescorchar vinos en el menor tiempo posible\u00bb<\/p>\n<p>16:30 &#8211; Muestra de danza a cargo del grupo\u00a0 infantil folcl\u00f3rico \u201cRa\u00edces de mi naci\u00f3n\u201d<\/p>\n<p>16:30 &#8211; Activaci\u00f3n gastron\u00f3mica<\/p>\n<p>17:00 &#8211; Muestra de artesan\u00eda en Vivo<\/p>\n<p>17:30 &#8211; Activaci\u00f3n gastron\u00f3mica<\/p>\n<p>Tercer Bloque<br \/>\n19:00 &#8211; Concurso \u00abDescorchar vinos en el menor tiempo posible\u00bb<\/p>\n<p>19:30 &#8211; D\u00e9cimas a Violeta, a cargo de la int\u00e9rprete Carolina Carrera<\/p>\n<p>20:30 &#8211; Premiaci\u00f3n del Mejor Vino Pa\u00eds<\/p>\n<p>21:30 &#8211; Presentaci\u00f3n Grupo Musical \u00abSiembra Nueva\u00bb<\/p>\n<p><strong>S\u00e1bado 28\u00a0 de Octubre<\/strong><\/p>\n<p>Primer Bloque<br \/>\n12:00 &#8211; Cuenta cuentos, show malabares, payaso y m\u00fasica<\/p>\n<p>Segundo Bloque<br \/>\n15:30 &#8211; Pinta caritas<\/p>\n<p>15:30 &#8211; Concurso a cargo de la asociaci\u00f3n gremial VidSeca<\/p>\n<p>16:30 &#8211; Taller de Cata masivo<\/p>\n<p>17:30 &#8211; Esquila de cordero en vivo<\/p>\n<p>18:00 &#8211; Certificaci\u00f3n participantes escuelas de l\u00edderes Programa Zonas Rezagadas<\/p>\n<p>Tercer Bloque<br \/>\n19:30 &#8211; Presentaci\u00f3n Grupo Folcl\u00f3rico \u00abEl Parronal\u00bb<\/p>\n<p>20:30 &#8211; Certificaci\u00f3n participantes y expositores<\/p>\n<p>21:30 &#8211; Presentaci\u00f3n grupo Musical \u00abLos Pecualiares\u00bb<\/p>\n<p>&nbsp;<\/p>\n<p>&nbsp;<\/p>\n<p>&nbsp;<\/p>\n","protected":false},"excerpt":{"rendered":"<p>CUANDO: VIERNES 27, SABADO 28 y DOMINGO 29 de OCTUBRE de 2017. DONDE: PLAZA P\u00daBLICA DE CAUQUENES. HORARIO: 11 a 23 horas. ENTRADA: Gratuita VALOR COPA DEGUSTACION: 4.000 pesos Degustaciones y venta de vinos Pa\u00eds 100%, mezclas de Pa\u00eds y otras cepas, muestras de artesan\u00eda local, sabrosa y singular\u00a0gastronom\u00eda de la zona,\u00a0variadas presentaciones musicales, entre&hellip;<\/p>\n","protected":false},"author":1,"featured_media":0,"parent":0,"menu_order":0,"comment_status":"closed","ping_status":"closed","template":"","meta":{"footnotes":""},"class_list":["post-6083","page","type-page","status-publish","hentry"],"_links":{"self":[{"href":"https:\/\/www.todovinos.cl\/wp2\/wp-json\/wp\/v2\/pages\/6083","targetHints":{"allow":["GET"]}}],"collection":[{"href":"https:\/\/www.todovinos.cl\/wp2\/wp-json\/wp\/v2\/pages"}],"about":[{"href":"https:\/\/www.todovinos.cl\/wp2\/wp-json\/wp\/v2\/types\/page"}],"author":[{"embeddable":true,"href":"https:\/\/www.todovinos.cl\/wp2\/wp-json\/wp\/v2\/users\/1"}],"replies":[{"embeddable":true,"href":"https:\/\/www.todovinos.cl\/wp2\/wp-json\/wp\/v2\/comments?post=6083"}],"version-history":[{"count":35,"href":"https:\/\/www.todovinos.cl\/wp2\/wp-json\/wp\/v2\/pages\/6083\/revisions"}],"predecessor-version":[{"id":6240,"href":"https:\/\/www.todovinos.cl\/wp2\/wp-json\/wp\/v2\/pages\/6083\/revisions\/6240"}],"wp:attachment":[{"href":"https:\/\/www.todovinos.cl\/wp2\/wp-json\/wp\/v2\/media?parent=6083"}],"curies":[{"name":"wp","href":"https:\/\/api.w.org\/{rel}","templated":true}]}}