{"id":3982,"date":"2016-10-01T19:21:32","date_gmt":"2016-10-01T22:21:32","guid":{"rendered":"http:\/\/www.todovinos.cl\/wp2\/?page_id=3982"},"modified":"2016-10-21T10:02:39","modified_gmt":"2016-10-21T13:02:39","slug":"fiesta-vino-pais-2016","status":"publish","type":"page","link":"https:\/\/www.todovinos.cl\/wp2\/fiesta-vino-pais-2016\/","title":{"rendered":"Fiesta del Vino Pa\u00eds 2016"},"content":{"rendered":"<p><strong><a href=\"http:\/\/www.todovinos.cl\/wp2\/wp-content\/uploads\/2016\/09\/logoFiestaPais16ok.jpg\"><img loading=\"lazy\" decoding=\"async\" class=\" wp-image-3968 alignright\" src=\"http:\/\/www.todovinos.cl\/wp2\/wp-content\/uploads\/2016\/09\/logoFiestaPais16ok-239x300.jpg\" alt=\"logofiestapais16ok\" width=\"332\" height=\"417\" srcset=\"https:\/\/www.todovinos.cl\/wp2\/wp-content\/uploads\/2016\/09\/logoFiestaPais16ok-239x300.jpg 239w, https:\/\/www.todovinos.cl\/wp2\/wp-content\/uploads\/2016\/09\/logoFiestaPais16ok.jpg 731w\" sizes=\"auto, (max-width: 332px) 100vw, 332px\" \/><\/a><br \/>\n<span style=\"text-decoration: underline;\">Cu\u00e1ndo<\/span><\/strong>: Viernes 28 y S\u00e1bado 29 de Octubre de 2016.<\/p>\n<p><span style=\"text-decoration: underline;\"><strong>D\u00f3nde<\/strong><\/span>: Plaza P\u00fablica de Cauquenes.<\/p>\n<p><strong><span style=\"text-decoration: underline;\">Horario<\/span><\/strong>: 11 a 22 horas.<\/p>\n<p><strong><span style=\"text-decoration: underline;\">Entrada<\/span>:<\/strong> Gratuita<\/p>\n<p><span style=\"text-decoration: underline;\"><strong>Valor copa degustaci\u00f3n<\/strong><\/span>: 3.000 pesos<\/p>\n<p><em>Degustaciones y venta de vinos Pa\u00eds, muestras de artesan\u00eda local, presentaciones musicales, gastronom\u00eda de la zona y platos especiales en base a ingredientes nativos preparados por el chef Alfredo Guti\u00e9rrez, entre otras actividades.<\/em><\/p>\n<p>&nbsp;<\/p>\n<p>-Ver Nota:<br \/>\n<strong><a href=\"http:\/\/www.todovinos.cl\/wp2\/2016\/09\/28\/2da-fiesta-del-vino-pais-de-cauquenes-el-28-y-29-de-octubre\/\" target=\"_blank\">2a Fiesta del Vino Pa\u00eds de Cauquenes el 28 y 29 de Octubre<\/a><\/strong><\/p>\n<p>&nbsp;<\/p>\n<p>&nbsp;<\/p>\n<p>La <span style=\"text-decoration: underline;\"><strong>Mesa de Cata a Ciegas<\/strong>,<\/span> que evaluar\u00e1 los vinos Pa\u00eds en exposici\u00f3n durante el evento, estar\u00e1 integrada por:<br \/>\n<strong>Alan Grudsky, Charlie Villard, Manolo Aznar, Miguel Gonz\u00e1lez Larraguibel,\u00a0H\u00e9ctor Riquelme, Chad Klonsky, Vera Fikarova, Leonor Soza, Humberto de La Cruz, Nan Li <\/strong>y<strong> Nicol\u00e1s Canas.<\/strong><\/p>\n<p>&nbsp;<\/p>\n<p><em><strong>Expositores confirmados:<\/strong><\/em><\/p>\n<table width=\"640\">\n<tbody>\n<tr>\n<td width=\"158\"><strong>Nombre<\/strong><\/td>\n<td width=\"246\"><strong>Nombre de la Vi\u00f1a<\/strong><\/td>\n<td width=\"236\"><strong>Cepaje <\/strong><\/td>\n<\/tr>\n<tr>\n<td width=\"158\">Juan Pablo Vergara<\/td>\n<td width=\"246\">Casa Vergara<\/td>\n<td width=\"236\">Cabernet Sauvignon- Carmenere<\/td>\n<\/tr>\n<tr>\n<td width=\"158\">Felipe Z\u00fa\u00f1iga<\/td>\n<td width=\"246\">San Clemente<\/td>\n<td width=\"236\">Pa\u00eds-Carignan<\/td>\n<\/tr>\n<tr>\n<td width=\"158\">Miguel Aravena<\/td>\n<td width=\"246\">Santa Elsa<\/td>\n<td width=\"236\">Moscatel de Alejandr\u00eda<\/td>\n<\/tr>\n<tr>\n<td width=\"158\">Sergio Amigo<\/td>\n<td width=\"246\">Cancha Alegre<\/td>\n<td width=\"236\">Pa\u00eds -Garnacha-Petit Sirah<\/td>\n<\/tr>\n<tr>\n<td width=\"158\">Sebasti\u00e1n S\u00e1nchez<\/td>\n<td width=\"246\">Terco<\/td>\n<td width=\"236\">Pa\u00eds<\/td>\n<\/tr>\n<tr>\n<td width=\"158\">Luis Villegas<\/td>\n<td width=\"246\">Huinganes<\/td>\n<td width=\"236\">Pa\u00eds-Torontel-Cinsault<\/td>\n<\/tr>\n<tr>\n<td width=\"158\">Diego Morales<\/td>\n<td width=\"246\">Bisogno<\/td>\n<td width=\"236\">Pa\u00eds &#8211; Carignan- Semillon<\/td>\n<\/tr>\n<tr>\n<td width=\"158\">Alexis Abarza<\/td>\n<td width=\"246\">Aurora del Peumo<\/td>\n<td width=\"236\">Carmenere &#8211; Chardonnay<\/td>\n<\/tr>\n<tr>\n<td width=\"158\">Maclovio Torres<\/td>\n<td width=\"246\">Don Maclovio<\/td>\n<td width=\"236\">Pa\u00eds<\/td>\n<\/tr>\n<tr>\n<td width=\"158\">V\u00edctor Mora<\/td>\n<td width=\"246\">Don V\u00edctor<\/td>\n<td width=\"236\">Pa\u00eds<\/td>\n<\/tr>\n<tr>\n<td width=\"158\">Patricio Agurto<\/td>\n<td width=\"246\">Cooperativa Covisanto<\/td>\n<td width=\"236\">Pa\u00eds<\/td>\n<\/tr>\n<tr>\n<td width=\"158\">V\u00edctor Ya\u00f1ez<\/td>\n<td width=\"246\">Pangalillo del Calvario<\/td>\n<td width=\"236\">Pa\u00eds- Torontel<\/td>\n<\/tr>\n<tr>\n<td width=\"158\">Vicente Loyola<\/td>\n<td width=\"246\">Loyolas<\/td>\n<td width=\"236\">Pa\u00eds-Cabernet Sauvignon<\/td>\n<\/tr>\n<tr>\n<td width=\"158\">Hugo C\u00e1rdenas<\/td>\n<td width=\"246\">Tihu<\/td>\n<td width=\"236\">Pa\u00eds<\/td>\n<\/tr>\n<tr>\n<td width=\"158\">Norberto Hidalgo<\/td>\n<td width=\"246\">Gran Hidalgo<\/td>\n<td width=\"236\">Cabernet Sauvignon<\/td>\n<\/tr>\n<tr>\n<td width=\"158\">Jos\u00e9 Gonz\u00e1lez<\/td>\n<td width=\"246\">Don Rafael<\/td>\n<td width=\"236\">Pa\u00eds<\/td>\n<\/tr>\n<tr>\n<td width=\"158\">Fernando Henr\u00edquez<\/td>\n<td width=\"246\">Las Monjes<\/td>\n<td width=\"236\">Pa\u00eds<\/td>\n<\/tr>\n<tr>\n<td width=\"158\">Miguel Bustos<\/td>\n<td width=\"246\">JHB<\/td>\n<td width=\"236\">Pa\u00eds<\/td>\n<\/tr>\n<tr>\n<td width=\"158\">Jos\u00e9 Mu\u00f1oz Valdes<\/td>\n<td width=\"246\">On\u2018 Jos\u00e9<\/td>\n<td width=\"236\">Cabernet Sauvignon<\/td>\n<\/tr>\n<tr>\n<td width=\"158\">Luis Parra<\/td>\n<td width=\"246\">Entreparrasycampo<\/td>\n<td width=\"236\">Pa\u00eds<\/td>\n<\/tr>\n<tr>\n<td width=\"158\">Jorge Acevedo<\/td>\n<td width=\"246\">Estrella del\u00a0 Sur<\/td>\n<td width=\"236\">Cabernet Sauvignon<\/td>\n<\/tr>\n<\/tbody>\n<\/table>\n<p>&nbsp;<\/p>\n<p>&nbsp;<\/p>\n<p><em><strong>Alojamiento en Cauquenes<\/strong>:<\/em><\/p>\n<table>\n<tbody>\n<tr>\n<td width=\"206\"><strong>Hostal Plaza<\/strong><\/td>\n<td width=\"255\">hostalpla@gmail.com<\/td>\n<td width=\"143\">73-2512888<\/td>\n<\/tr>\n<tr>\n<td width=\"206\"><strong>Hostal las Garzas<\/strong><\/td>\n<td width=\"255\">Hostallasgarzas.cauquenes@gmail.com<\/td>\n<td width=\"143\">73-2512221<\/td>\n<\/tr>\n<tr>\n<td width=\"206\"><strong>Caba\u00f1as La Estancia<\/strong><\/td>\n<td width=\"255\">www. eventoslaestancia.cl<\/td>\n<td width=\"143\">73-2512163<\/td>\n<\/tr>\n<tr>\n<td width=\"206\"><strong>Hotel Maule<\/strong><\/td>\n<td width=\"255\">www.hotelmaule.cl<\/td>\n<td width=\"143\">73-2512637<\/td>\n<\/tr>\n<tr>\n<td width=\"206\"><strong>Caba\u00f1as el Castillo<\/strong><\/td>\n<td width=\"255\">deliacastilloleal@hotmail.com<\/td>\n<td width=\"143\">73-2512361<\/td>\n<\/tr>\n<\/tbody>\n<\/table>\n<p><em><strong><br \/>\nAlojamiento en Pelluhue:<\/strong><\/em><\/p>\n<table>\n<tbody>\n<tr>\n<td width=\"215\"><strong>Hoster\u00eda C\u00e1mara de Comercio<\/strong><\/td>\n<td width=\"265\">cvaldes@camaradecomerciocauquenes.cl<\/td>\n<td width=\"124\">998252690<\/td>\n<\/tr>\n<tr>\n<td width=\"215\"><strong>Caba\u00f1as Ancalafquen<\/strong><\/td>\n<td width=\"265\">siemprepeters@gmail.com<\/td>\n<td width=\"124\">990909093<\/td>\n<\/tr>\n<tr>\n<td width=\"215\"><strong>Hotel Piedra Negra<\/strong><\/td>\n<td width=\"265\">Paula_osores72@hotmail.com<\/td>\n<td width=\"124\">73-2219410<\/td>\n<\/tr>\n<\/tbody>\n<\/table>\n<p>&nbsp;<\/p>\n<p>&nbsp;<\/p>\n<p><a href=\"http:\/\/www.todovinos.cl\/wp2\/wp-content\/uploads\/2016\/10\/fpais16.jpg\"><img loading=\"lazy\" decoding=\"async\" class=\" wp-image-3989 aligncenter\" src=\"http:\/\/www.todovinos.cl\/wp2\/wp-content\/uploads\/2016\/10\/fpais16-300x229.jpg\" alt=\"fpais16\" width=\"655\" height=\"500\" srcset=\"https:\/\/www.todovinos.cl\/wp2\/wp-content\/uploads\/2016\/10\/fpais16-300x229.jpg 300w, https:\/\/www.todovinos.cl\/wp2\/wp-content\/uploads\/2016\/10\/fpais16.jpg 666w\" sizes=\"auto, (max-width: 655px) 100vw, 655px\" \/><\/a><\/p>\n<p>&nbsp;<\/p>\n<p>&nbsp;<\/p>\n<p><a href=\"http:\/\/www.todovinos.cl\/wp2\/wp-content\/uploads\/2016\/10\/fpais03.jpg\"><img loading=\"lazy\" decoding=\"async\" class=\" wp-image-3996 aligncenter\" src=\"http:\/\/www.todovinos.cl\/wp2\/wp-content\/uploads\/2016\/10\/fpais03-300x155.jpg\" alt=\"fpais03\" width=\"600\" height=\"310\" srcset=\"https:\/\/www.todovinos.cl\/wp2\/wp-content\/uploads\/2016\/10\/fpais03-300x155.jpg 300w, https:\/\/www.todovinos.cl\/wp2\/wp-content\/uploads\/2016\/10\/fpais03.jpg 666w\" sizes=\"auto, (max-width: 600px) 100vw, 600px\" \/><\/a><\/p>\n<p>&nbsp;<\/p>\n<p><a href=\"http:\/\/www.todovinos.cl\/wp2\/wp-content\/uploads\/2016\/10\/fpais15.jpg\"><img loading=\"lazy\" decoding=\"async\" class=\" wp-image-3988 aligncenter\" src=\"http:\/\/www.todovinos.cl\/wp2\/wp-content\/uploads\/2016\/10\/fpais15-300x294.jpg\" alt=\"fpais15\" width=\"601\" height=\"589\" srcset=\"https:\/\/www.todovinos.cl\/wp2\/wp-content\/uploads\/2016\/10\/fpais15-300x294.jpg 300w, https:\/\/www.todovinos.cl\/wp2\/wp-content\/uploads\/2016\/10\/fpais15-768x754.jpg 768w, https:\/\/www.todovinos.cl\/wp2\/wp-content\/uploads\/2016\/10\/fpais15-50x50.jpg 50w, https:\/\/www.todovinos.cl\/wp2\/wp-content\/uploads\/2016\/10\/fpais15.jpg 859w\" sizes=\"auto, (max-width: 601px) 100vw, 601px\" \/><\/a><\/p>\n<p>&nbsp;<\/p>\n<p>&nbsp;<\/p>\n<p>&nbsp;<\/p>\n<p>&nbsp;<\/p>\n<p>&nbsp;<\/p>\n<p>&nbsp;<\/p>\n<p>&nbsp;<\/p>\n<p>&nbsp;<\/p>\n<p>&nbsp;<\/p>\n<p>&nbsp;<\/p>\n","protected":false},"excerpt":{"rendered":"<p>Cu\u00e1ndo: Viernes 28 y S\u00e1bado 29 de Octubre de 2016. D\u00f3nde: Plaza P\u00fablica de Cauquenes. Horario: 11 a 22 horas. Entrada: Gratuita Valor copa degustaci\u00f3n: 3.000 pesos Degustaciones y venta de vinos Pa\u00eds, muestras de artesan\u00eda local, presentaciones musicales, gastronom\u00eda de la zona y platos especiales en base a ingredientes nativos preparados por el chef&hellip;<\/p>\n","protected":false},"author":1,"featured_media":0,"parent":0,"menu_order":0,"comment_status":"closed","ping_status":"closed","template":"","meta":{"footnotes":""},"class_list":["post-3982","page","type-page","status-publish","hentry"],"_links":{"self":[{"href":"https:\/\/www.todovinos.cl\/wp2\/wp-json\/wp\/v2\/pages\/3982","targetHints":{"allow":["GET"]}}],"collection":[{"href":"https:\/\/www.todovinos.cl\/wp2\/wp-json\/wp\/v2\/pages"}],"about":[{"href":"https:\/\/www.todovinos.cl\/wp2\/wp-json\/wp\/v2\/types\/page"}],"author":[{"embeddable":true,"href":"https:\/\/www.todovinos.cl\/wp2\/wp-json\/wp\/v2\/users\/1"}],"replies":[{"embeddable":true,"href":"https:\/\/www.todovinos.cl\/wp2\/wp-json\/wp\/v2\/comments?post=3982"}],"version-history":[{"count":20,"href":"https:\/\/www.todovinos.cl\/wp2\/wp-json\/wp\/v2\/pages\/3982\/revisions"}],"predecessor-version":[{"id":4129,"href":"https:\/\/www.todovinos.cl\/wp2\/wp-json\/wp\/v2\/pages\/3982\/revisions\/4129"}],"wp:attachment":[{"href":"https:\/\/www.todovinos.cl\/wp2\/wp-json\/wp\/v2\/media?parent=3982"}],"curies":[{"name":"wp","href":"https:\/\/api.w.org\/{rel}","templated":true}]}}