{"id":2315,"date":"2016-01-09T17:03:27","date_gmt":"2016-01-09T20:03:27","guid":{"rendered":"http:\/\/www.todovinos.cl\/wp2\/?page_id=2315"},"modified":"2026-04-28T11:53:59","modified_gmt":"2026-04-28T14:53:59","slug":"somos","status":"publish","type":"page","link":"https:\/\/www.todovinos.cl\/wp2\/somos\/","title":{"rendered":"qui\u00e9nes somos"},"content":{"rendered":"<table class=\"contentpaneopen\">\n<tbody>\n<tr>\n<td class=\"contentheading\" width=\"100%\"><strong>todovinos.cl<\/strong><\/td>\n<\/tr>\n<\/tbody>\n<\/table>\n<table class=\"contentpaneopen\">\n<tbody>\n<tr>\n<td valign=\"top\">Es una revista digital con sede en Chile en funcionamiento desde el a\u00f1o 2001, y est\u00e1 orientada y especializada en el mundo del vino, entregando a diario informaci\u00f3n, noticias y reportajes de la industria vitivin\u00edcola y actividades vinculadas, como la gastronom\u00eda y el turismo.<br \/>\n&#8212;&#8212;&#8212;&#8212;&#8212;&#8212;&#8212;&#8212;&#8212;&#8212;&#8212;&#8212;&#8211;<\/p>\n<p>Editor<\/p>\n<p><strong>Alejandro Tumayan V.<br \/>\n<\/strong>Periodista.<br \/>\nLicenciado en Comunicaci\u00f3n Social con Maestr\u00eda en Comunicaci\u00f3n por la Universidad Federal de R\u00edo de Janeiro\u00a0(UFRJ).<\/p>\n<p>Ha participado como jurado en concursos nacionales e internacionales como Catad\u00b4Or y Concours Mondial de Bruxelles Chile, entre otros, en diversos seminarios y congresos sobre el mundo del vino, y cuenta con vasta experiencia en giras y visitas a diversas zonas vitivin\u00edcolas de Argentina, Brasil, Uruguay y Chile.<br \/>\n&#8212;&#8212;&#8212;&#8212;&#8212;&#8212;&#8212;&#8212;&#8212;&#8212;&#8212;&#8212;&#8212;&#8211;<\/td>\n<\/tr>\n<\/tbody>\n<\/table>\n","protected":false},"excerpt":{"rendered":"<p>todovinos.cl Es una revista digital con sede en Chile en funcionamiento desde el a\u00f1o 2001, y est\u00e1 orientada y especializada en el mundo del vino, entregando a diario informaci\u00f3n, noticias y reportajes de la industria vitivin\u00edcola y actividades vinculadas, como la gastronom\u00eda y el turismo. &#8212;&#8212;&#8212;&#8212;&#8212;&#8212;&#8212;&#8212;&#8212;&#8212;&#8212;&#8212;&#8211; Editor Alejandro Tumayan V. Periodista. Licenciado en Comunicaci\u00f3n Social&hellip;<\/p>\n","protected":false},"author":1,"featured_media":0,"parent":0,"menu_order":0,"comment_status":"closed","ping_status":"closed","template":"","meta":{"footnotes":""},"class_list":["post-2315","page","type-page","status-publish","hentry"],"_links":{"self":[{"href":"https:\/\/www.todovinos.cl\/wp2\/wp-json\/wp\/v2\/pages\/2315","targetHints":{"allow":["GET"]}}],"collection":[{"href":"https:\/\/www.todovinos.cl\/wp2\/wp-json\/wp\/v2\/pages"}],"about":[{"href":"https:\/\/www.todovinos.cl\/wp2\/wp-json\/wp\/v2\/types\/page"}],"author":[{"embeddable":true,"href":"https:\/\/www.todovinos.cl\/wp2\/wp-json\/wp\/v2\/users\/1"}],"replies":[{"embeddable":true,"href":"https:\/\/www.todovinos.cl\/wp2\/wp-json\/wp\/v2\/comments?post=2315"}],"version-history":[{"count":27,"href":"https:\/\/www.todovinos.cl\/wp2\/wp-json\/wp\/v2\/pages\/2315\/revisions"}],"predecessor-version":[{"id":13201,"href":"https:\/\/www.todovinos.cl\/wp2\/wp-json\/wp\/v2\/pages\/2315\/revisions\/13201"}],"wp:attachment":[{"href":"https:\/\/www.todovinos.cl\/wp2\/wp-json\/wp\/v2\/media?parent=2315"}],"curies":[{"name":"wp","href":"https:\/\/api.w.org\/{rel}","templated":true}]}}